{"id":163,"date":"2022-06-15T12:52:20","date_gmt":"2022-06-15T12:52:20","guid":{"rendered":"https:\/\/2022.doktagung.de\/?page_id=163"},"modified":"2022-06-24T16:37:52","modified_gmt":"2022-06-24T16:37:52","slug":"call-for-papers","status":"publish","type":"page","link":"https:\/\/2022.doktagung.de\/?page_id=163","title":{"rendered":"Call for Papers"},"content":{"rendered":"\n<p>16. DGEKW-Doktorand*innentagung vom 04. bis 06. November 2022<\/p>\n\n\n\n<p>&#8222;<strong>Zwischen N\u00e4he, Distanz und allen St\u00fchlen \u2013 Fragen der Repr\u00e4sentation und Ethik im<br>Forschungsprozess<\/strong>&#8222;<\/p>\n\n\n\n<p><br>Unser Fach zeichnet sich durch eine gro\u00dfe Diversit\u00e4t der empirischen Zug\u00e4nge und methodische Vielfalt aus, \u00fcberwiegend wird jedoch mit qualitativen Verfahren gearbeitet.<br>Feldforschungsaufenthalte, teilnehmende Beobachtungen, verschiedene Formen von Interviews, Archivstudien oder Diskursanalysen stellen unterschiedliche methodische Ans\u00e4tze dar, werden aber stets als offener Prozess verstanden, der situations- und personenabh\u00e4ngig ist.<\/p>\n\n\n\n<p>Als Forscher*innen werden wir dabei mit zahlreichen forschungsethischen Problemen konfrontiert: Wie gehen wir sensibel mit den erhobenen Daten um? Wie repr\u00e4sentieren wir unsere Interviewpartner*innen\/Forschungssubjekte und -objekte? Welche Beziehungen bauen wir im Rahmen unserer Forschungen auf? Wie positionieren wir uns selbst im Feld? Wie vermeiden wir, dabei manipulatorisch vorzugehen? Wie gehen wir mit Fragen des Daten- und Selbstschutzes in Forschungszusammenh\u00e4ngen um?<\/p>\n\n\n\n<p>Wir m\u00fcssen unseren Forschungsprozess also reflektieren, damit die Transparenz und<br>intersubjektive Nachvollziehbarkeit der gewonnenen Erkenntnisse gegeben ist. Immerhin haben wir es stets mit Interpretationen sozialer Wirklichkeiten zu tun, mit Deutungen zweiter oder dritter Ordnung, deren Zustandekommen offengelegt werden muss. Aber wie stellen wir dann gute Forschung sicher? Anything goes, solange im Anschluss alles sch\u00f6n reflektiert wird? Und was bedeutet es \u00fcberhaupt, zu reflektieren?<\/p>\n\n\n\n<p>Gemeinsam mit Euch m\u00f6chten wir deshalb im Rahmen der 16. DGEKW-Doktorand*innentagung 2022 dar\u00fcber diskutieren, welchen forschungsethischen Herausforderungen man im Forschungsprozess begegnet, wie mit diesen umgegangen werden kann und wie Selbstreflexionen auch in den Schreibprozess miteingebunden werden k\u00f6nnen. Auch wollen wir uns gemeinsam mit Euch die Frage stellen, wie eine angebrachte ethnographische Repr\u00e4sentation gelingen kann. <\/p>\n\n\n\n<p><strong>Beitr\u00e4ge <\/strong><\/p>\n\n\n\n<p>Wir freuen uns auf Berichte aus Euren Dissertationsprojekten, die Ihr nach Euren Vorstellungen gestalten k\u00f6nnt. Da Fragen von Repr\u00e4sentation und Ethik in jeder Phase des Forschungsprozesses eine Rolle spielen, interessieren uns reflektierende Beitr\u00e4ge zur Konzeption der Arbeit, zu Methodenerw\u00e4gungen, zu Feldaufenthalten, zu Analyseprozessen, zum Schreibvorgehen sowie zu Problemen, Herausforderungen, \u2026 Ideen f\u00fcr Diskussionsrunden, Workshops, Vortr\u00e4ge, Data-Sessions und andere Formate sind gleicherma\u00dfen willkommen! <\/p>\n\n\n\n<p><strong>Tagungsort <\/strong><\/p>\n\n\n\n<p>Die <a href=\"https:\/\/www.uni-mainz.de\/\" target=\"_blank\" rel=\"noreferrer noopener\">Johannes Gutenberg-Universit\u00e4t in Mainz<\/a>.<\/p>\n\n\n\n<p><strong>Anmeldung <\/strong><\/p>\n\n\n\n<p>Sendet Eure <strong>Vorschl\u00e4ge f\u00fcr Beitr\u00e4ge<\/strong> (ca. 300 W\u00f6rter) zusammen mit einem Kurz-CV bis zum <strong>31. August 2022<\/strong> an doktagung22@tutanota.com.<\/p>\n\n\n\n<p>Die <strong>Anmeldung zur Teilnahme<\/strong> <strong>(ohne aktiven Beitrag)<\/strong> ist unter derselben Adresse bis zum <strong>30. September 2022<\/strong> m\u00f6glich. Durch die Einzahlung der Teilnahmegeb\u00fchr von 15\u20ac ist die Anmeldung verbindlich. \u00dcbernachtungspl\u00e4tze werden nicht zentral organisiert, allerdings planen wir, eine Bettenb\u00f6rse einzurichten. Gebt bei Eurer Anmeldung an, ob Ihr daran interessiert seid, dann versuchen wir, Euch einen privaten Schlafplatz zu organisieren. Fahrtkosten k\u00f6nnen leider nicht \u00fcbernommen werden. <\/p>\n\n\n\n<p>Aktuelle Informationen sind unter <a href=\"http:\/\/2022.doktagung.de\" target=\"_blank\" rel=\"noreferrer noopener\">2022.doktagung.de<\/a> zu finden. Wir freuen uns auf Euch! <\/p>\n\n\n\n<p>Die Organisator*innen der 16. DGEKW-Doktorand*innentagung<br><a href=\"https:\/\/2022.doktagung.de\/?page_id=160\">Marie Scheffler, Aaron Hock, Roxana Fiebig-Spindler<\/a><\/p>\n","protected":false},"excerpt":{"rendered":"<p>16. DGEKW-Doktorand*innentagung vom 04. bis 06. November 2022 &#8222;Zwischen N\u00e4he, Distanz und allen St\u00fchlen \u2013 Fragen der Repr\u00e4sentation und Ethik imForschungsprozess&#8222; Unser Fach zeichnet sich durch eine gro\u00dfe Diversit\u00e4t der empirischen Zug\u00e4nge und methodische Vielfalt aus, \u00fcberwiegend wird jedoch mit qualitativen Verfahren gearbeitet.Feldforschungsaufenthalte, teilnehmende Beobachtungen, verschiedene Formen von Interviews, Archivstudien oder Diskursanalysen stellen unterschiedliche methodische &hellip; <\/p>\n<p class=\"link-more\"><a href=\"https:\/\/2022.doktagung.de\/?page_id=163\" class=\"more-link\"><span class=\"screen-reader-text\">\u201eCall for Papers\u201c<\/span> weiterlesen<\/a><\/p>\n","protected":false},"author":2,"featured_media":0,"parent":0,"menu_order":0,"comment_status":"closed","ping_status":"closed","template":"","meta":{"footnotes":""},"class_list":["post-163","page","type-page","status-publish","hentry"],"yoast_head":"<!-- This site is optimized with the Yoast SEO plugin v19.6 - https:\/\/yoast.com\/wordpress\/plugins\/seo\/ -->\n<title>Call for Papers - 16. Doktorand*innentagung der DGEKW<\/title>\n<meta name=\"robots\" content=\"index, follow, max-snippet:-1, max-image-preview:large, max-video-preview:-1\" \/>\n<link rel=\"canonical\" href=\"https:\/\/2022.doktagung.de\/?page_id=163\" \/>\n<meta property=\"og:locale\" content=\"de_DE\" \/>\n<meta property=\"og:type\" content=\"article\" \/>\n<meta property=\"og:title\" content=\"Call for Papers - 16. Doktorand*innentagung der DGEKW\" \/>\n<meta property=\"og:description\" content=\"16. DGEKW-Doktorand*innentagung vom 04. bis 06. November 2022 &#8222;Zwischen N\u00e4he, Distanz und allen St\u00fchlen \u2013 Fragen der Repr\u00e4sentation und Ethik imForschungsprozess&#8222; Unser Fach zeichnet sich durch eine gro\u00dfe Diversit\u00e4t der empirischen Zug\u00e4nge und methodische Vielfalt aus, \u00fcberwiegend wird jedoch mit qualitativen Verfahren gearbeitet.Feldforschungsaufenthalte, teilnehmende Beobachtungen, verschiedene Formen von Interviews, Archivstudien oder Diskursanalysen stellen unterschiedliche methodische &hellip; \u201eCall for Papers\u201c weiterlesen\" \/>\n<meta property=\"og:url\" content=\"https:\/\/2022.doktagung.de\/?page_id=163\" \/>\n<meta property=\"og:site_name\" content=\"16. Doktorand*innentagung der DGEKW\" \/>\n<meta property=\"article:modified_time\" content=\"2022-06-24T16:37:52+00:00\" \/>\n<meta name=\"twitter:card\" content=\"summary_large_image\" \/>\n<meta name=\"twitter:label1\" content=\"Gesch\u00e4tzte Lesezeit\" \/>\n\t<meta name=\"twitter:data1\" content=\"3\u00a0Minuten\" \/>\n<script type=\"application\/ld+json\" class=\"yoast-schema-graph\">{\"@context\":\"https:\/\/schema.org\",\"@graph\":[{\"@type\":\"WebPage\",\"@id\":\"https:\/\/2022.doktagung.de\/?page_id=163\",\"url\":\"https:\/\/2022.doktagung.de\/?page_id=163\",\"name\":\"Call for Papers - 16. Doktorand*innentagung der DGEKW\",\"isPartOf\":{\"@id\":\"https:\/\/2022.doktagung.de\/#website\"},\"datePublished\":\"2022-06-15T12:52:20+00:00\",\"dateModified\":\"2022-06-24T16:37:52+00:00\",\"breadcrumb\":{\"@id\":\"https:\/\/2022.doktagung.de\/?page_id=163#breadcrumb\"},\"inLanguage\":\"de\",\"potentialAction\":[{\"@type\":\"ReadAction\",\"target\":[\"https:\/\/2022.doktagung.de\/?page_id=163\"]}]},{\"@type\":\"BreadcrumbList\",\"@id\":\"https:\/\/2022.doktagung.de\/?page_id=163#breadcrumb\",\"itemListElement\":[{\"@type\":\"ListItem\",\"position\":1,\"name\":\"Startseite\",\"item\":\"https:\/\/2022.doktagung.de\/\"},{\"@type\":\"ListItem\",\"position\":2,\"name\":\"Call for Papers\"}]},{\"@type\":\"WebSite\",\"@id\":\"https:\/\/2022.doktagung.de\/#website\",\"url\":\"https:\/\/2022.doktagung.de\/\",\"name\":\"16. Doktorand*innentagung der DGEKW\",\"description\":\"\",\"potentialAction\":[{\"@type\":\"SearchAction\",\"target\":{\"@type\":\"EntryPoint\",\"urlTemplate\":\"https:\/\/2022.doktagung.de\/?s={search_term_string}\"},\"query-input\":\"required name=search_term_string\"}],\"inLanguage\":\"de\"}]}<\/script>\n<!-- \/ Yoast SEO plugin. -->","yoast_head_json":{"title":"Call for Papers - 16. Doktorand*innentagung der DGEKW","robots":{"index":"index","follow":"follow","max-snippet":"max-snippet:-1","max-image-preview":"max-image-preview:large","max-video-preview":"max-video-preview:-1"},"canonical":"https:\/\/2022.doktagung.de\/?page_id=163","og_locale":"de_DE","og_type":"article","og_title":"Call for Papers - 16. Doktorand*innentagung der DGEKW","og_description":"16. DGEKW-Doktorand*innentagung vom 04. bis 06. November 2022 &#8222;Zwischen N\u00e4he, Distanz und allen St\u00fchlen \u2013 Fragen der Repr\u00e4sentation und Ethik imForschungsprozess&#8222; Unser Fach zeichnet sich durch eine gro\u00dfe Diversit\u00e4t der empirischen Zug\u00e4nge und methodische Vielfalt aus, \u00fcberwiegend wird jedoch mit qualitativen Verfahren gearbeitet.Feldforschungsaufenthalte, teilnehmende Beobachtungen, verschiedene Formen von Interviews, Archivstudien oder Diskursanalysen stellen unterschiedliche methodische &hellip; \u201eCall for Papers\u201c weiterlesen","og_url":"https:\/\/2022.doktagung.de\/?page_id=163","og_site_name":"16. Doktorand*innentagung der DGEKW","article_modified_time":"2022-06-24T16:37:52+00:00","twitter_card":"summary_large_image","twitter_misc":{"Gesch\u00e4tzte Lesezeit":"3\u00a0Minuten"},"schema":{"@context":"https:\/\/schema.org","@graph":[{"@type":"WebPage","@id":"https:\/\/2022.doktagung.de\/?page_id=163","url":"https:\/\/2022.doktagung.de\/?page_id=163","name":"Call for Papers - 16. Doktorand*innentagung der DGEKW","isPartOf":{"@id":"https:\/\/2022.doktagung.de\/#website"},"datePublished":"2022-06-15T12:52:20+00:00","dateModified":"2022-06-24T16:37:52+00:00","breadcrumb":{"@id":"https:\/\/2022.doktagung.de\/?page_id=163#breadcrumb"},"inLanguage":"de","potentialAction":[{"@type":"ReadAction","target":["https:\/\/2022.doktagung.de\/?page_id=163"]}]},{"@type":"BreadcrumbList","@id":"https:\/\/2022.doktagung.de\/?page_id=163#breadcrumb","itemListElement":[{"@type":"ListItem","position":1,"name":"Startseite","item":"https:\/\/2022.doktagung.de\/"},{"@type":"ListItem","position":2,"name":"Call for Papers"}]},{"@type":"WebSite","@id":"https:\/\/2022.doktagung.de\/#website","url":"https:\/\/2022.doktagung.de\/","name":"16. Doktorand*innentagung der DGEKW","description":"","potentialAction":[{"@type":"SearchAction","target":{"@type":"EntryPoint","urlTemplate":"https:\/\/2022.doktagung.de\/?s={search_term_string}"},"query-input":"required name=search_term_string"}],"inLanguage":"de"}]}},"_links":{"self":[{"href":"https:\/\/2022.doktagung.de\/index.php?rest_route=\/wp\/v2\/pages\/163","targetHints":{"allow":["GET"]}}],"collection":[{"href":"https:\/\/2022.doktagung.de\/index.php?rest_route=\/wp\/v2\/pages"}],"about":[{"href":"https:\/\/2022.doktagung.de\/index.php?rest_route=\/wp\/v2\/types\/page"}],"author":[{"embeddable":true,"href":"https:\/\/2022.doktagung.de\/index.php?rest_route=\/wp\/v2\/users\/2"}],"replies":[{"embeddable":true,"href":"https:\/\/2022.doktagung.de\/index.php?rest_route=%2Fwp%2Fv2%2Fcomments&post=163"}],"version-history":[{"count":4,"href":"https:\/\/2022.doktagung.de\/index.php?rest_route=\/wp\/v2\/pages\/163\/revisions"}],"predecessor-version":[{"id":247,"href":"https:\/\/2022.doktagung.de\/index.php?rest_route=\/wp\/v2\/pages\/163\/revisions\/247"}],"wp:attachment":[{"href":"https:\/\/2022.doktagung.de\/index.php?rest_route=%2Fwp%2Fv2%2Fmedia&parent=163"}],"curies":[{"name":"wp","href":"https:\/\/api.w.org\/{rel}","templated":true}]}}