{"id":164,"date":"2022-06-15T12:52:20","date_gmt":"2022-06-15T12:52:20","guid":{"rendered":"https:\/\/2022.doktagung.de\/?page_id=164"},"modified":"2022-10-25T09:42:56","modified_gmt":"2022-10-25T09:42:56","slug":"anreise-und-infos","status":"publish","type":"page","link":"https:\/\/2022.doktagung.de\/?page_id=164","title":{"rendered":"Anreise und Infos"},"content":{"rendered":"\n<figure class=\"wp-block-image size-large\"><img loading=\"lazy\" decoding=\"async\" width=\"1024\" height=\"667\" src=\"https:\/\/2022.doktagung.de\/wp-content\/uploads\/2022\/06\/O\u0308ffentlichkeitsarbeit_Uni_UMZ_Archiv_O\u0308A_025260-1024x667.jpg\" alt=\"\" class=\"wp-image-197\" srcset=\"https:\/\/2022.doktagung.de\/wp-content\/uploads\/2022\/06\/O\u0308ffentlichkeitsarbeit_Uni_UMZ_Archiv_O\u0308A_025260-1024x667.jpg 1024w, https:\/\/2022.doktagung.de\/wp-content\/uploads\/2022\/06\/O\u0308ffentlichkeitsarbeit_Uni_UMZ_Archiv_O\u0308A_025260-300x195.jpg 300w, https:\/\/2022.doktagung.de\/wp-content\/uploads\/2022\/06\/O\u0308ffentlichkeitsarbeit_Uni_UMZ_Archiv_O\u0308A_025260-768x500.jpg 768w, https:\/\/2022.doktagung.de\/wp-content\/uploads\/2022\/06\/O\u0308ffentlichkeitsarbeit_Uni_UMZ_Archiv_O\u0308A_025260-1536x1001.jpg 1536w, https:\/\/2022.doktagung.de\/wp-content\/uploads\/2022\/06\/O\u0308ffentlichkeitsarbeit_Uni_UMZ_Archiv_O\u0308A_025260-2048x1334.jpg 2048w\" sizes=\"auto, (max-width: 767px) 89vw, (max-width: 1000px) 54vw, (max-width: 1071px) 543px, 580px\" \/><\/figure>\n\n\n\n<p>Die Tagung findet an der Johannes-Gutenberg Universit\u00e4t in Mainz statt.<\/p>\n\n\n\n<p><strong>Adresse:<\/strong><\/p>\n\n\n\n<p>Saarstra\u00dfe 21, 55122 Mainz.<\/p>\n\n\n\n<p><strong>Anreise:<\/strong><\/p>\n\n\n\n<figure class=\"wp-block-image size-large\"><img loading=\"lazy\" decoding=\"async\" width=\"1024\" height=\"893\" src=\"https:\/\/2022.doktagung.de\/wp-content\/uploads\/2022\/06\/Bildschirmfoto-2022-06-15-um-16.04.13-1024x893.png\" alt=\"\" class=\"wp-image-214\" srcset=\"https:\/\/2022.doktagung.de\/wp-content\/uploads\/2022\/06\/Bildschirmfoto-2022-06-15-um-16.04.13-1024x893.png 1024w, https:\/\/2022.doktagung.de\/wp-content\/uploads\/2022\/06\/Bildschirmfoto-2022-06-15-um-16.04.13-300x262.png 300w, https:\/\/2022.doktagung.de\/wp-content\/uploads\/2022\/06\/Bildschirmfoto-2022-06-15-um-16.04.13-768x670.png 768w, https:\/\/2022.doktagung.de\/wp-content\/uploads\/2022\/06\/Bildschirmfoto-2022-06-15-um-16.04.13-1536x1340.png 1536w, https:\/\/2022.doktagung.de\/wp-content\/uploads\/2022\/06\/Bildschirmfoto-2022-06-15-um-16.04.13.png 1802w\" sizes=\"auto, (max-width: 767px) 89vw, (max-width: 1000px) 54vw, (max-width: 1071px) 543px, 580px\" \/><\/figure>\n\n\n\n<p>Vom Mainzer Hauptbahnhof fahren zahlreiche Buslinien und Stra\u00dfenbahnlinien zur Universit\u00e4t: <\/p>\n\n\n\n<ul class=\"wp-block-list\"><li>6 (Richtung M\u00fcnchfeld\/Gonsenheim)<\/li><li>9 (Richtung Arena)<\/li><li>51 (Richtung Lerchenberg)<\/li><li>53 (Richtung Lerchenberg)<\/li><li>54 (Richtung Klein-Winternheim)<\/li><li>55 (Richtung Nieder-Olm)<\/li><li>56 (Richtung Wackernheim)<\/li><li>57 (Richtung Bretzenheim)<\/li><li>58 (Richtung Finthen)<\/li><li>59 (Richtung Hochschule Mainz)<\/li><li>64 (Richtung Hartenberg)<\/li><li>65 (Richtung Hartenberg)<\/li><li>68 (Richtung Budenheim)<\/li><li>75 (Richtung Schwabenheim\/Ingelheim)<\/li><li>90 (Richtung Finthen)<\/li><li>91 (Richtung Wackernheim)<\/li><li>650 (Richtung Sprendlingen)<\/li><\/ul>\n\n\n\n<p>Unsere Tagungsr\u00e4ume befinden sich im Georg-Forster-Geb\u00e4ude (GFG) auf dem Campus, die genaue Adresse lautet <strong>Jakob-Welder-Weg 12<\/strong>. Wer mit dem \u00d6PNV ankommt, kann entweder an der Haltestelle &#8222;Friedrich-von-Pfeiffer-Weg&#8220; (auf dem Campuslageplan links vom GFG) aussteigen oder an der Haltestelle &#8222;Universit\u00e4t&#8220; (auf dem Campuslageplan rechts oben).<\/p>\n\n\n\n<figure class=\"wp-block-image size-large\"><img loading=\"lazy\" decoding=\"async\" width=\"1024\" height=\"683\" src=\"https:\/\/2022.doktagung.de\/wp-content\/uploads\/2022\/10\/GFG-1024x683.jpg\" alt=\"\" class=\"wp-image-275\" srcset=\"https:\/\/2022.doktagung.de\/wp-content\/uploads\/2022\/10\/GFG-1024x683.jpg 1024w, https:\/\/2022.doktagung.de\/wp-content\/uploads\/2022\/10\/GFG-300x200.jpg 300w, https:\/\/2022.doktagung.de\/wp-content\/uploads\/2022\/10\/GFG-768x512.jpg 768w, https:\/\/2022.doktagung.de\/wp-content\/uploads\/2022\/10\/GFG-1536x1024.jpg 1536w, https:\/\/2022.doktagung.de\/wp-content\/uploads\/2022\/10\/GFG-2048x1365.jpg 2048w\" sizes=\"auto, (max-width: 767px) 89vw, (max-width: 1000px) 54vw, (max-width: 1071px) 543px, 580px\" \/><figcaption>Das Georg-Forster-Geb\u00e4ude (GFG)<\/figcaption><\/figure>\n\n\n\n<figure class=\"wp-block-image size-large\"><img loading=\"lazy\" decoding=\"async\" width=\"1024\" height=\"549\" src=\"https:\/\/2022.doktagung.de\/wp-content\/uploads\/2022\/10\/Lageplan-Uni-GFG-Kopie-1024x549.png\" alt=\"\" class=\"wp-image-276\" srcset=\"https:\/\/2022.doktagung.de\/wp-content\/uploads\/2022\/10\/Lageplan-Uni-GFG-Kopie-1024x549.png 1024w, https:\/\/2022.doktagung.de\/wp-content\/uploads\/2022\/10\/Lageplan-Uni-GFG-Kopie-300x161.png 300w, https:\/\/2022.doktagung.de\/wp-content\/uploads\/2022\/10\/Lageplan-Uni-GFG-Kopie-768x412.png 768w, https:\/\/2022.doktagung.de\/wp-content\/uploads\/2022\/10\/Lageplan-Uni-GFG-Kopie.png 1492w\" sizes=\"auto, (max-width: 767px) 89vw, (max-width: 1000px) 54vw, (max-width: 1071px) 543px, 580px\" \/><figcaption>Der Campuslageplan<\/figcaption><\/figure>\n\n\n\n<p><strong>R\u00e4umlichkeiten:<\/strong><\/p>\n\n\n\n<p>Am Freitag, den 04.11.22 treffen wir uns um 16:00 im Raum 01-701 im ersten Stock des GFG.<\/p>\n\n\n\n<p>Von Samstag bis Sonntag, also vom 05.11.\u201306.11.22, sind wir ebenfalls im Raum 01-701.<\/p>\n\n\n\n<p>F\u00fcr die beiden Fr\u00fchst\u00fccke und Mittagspausen am Samstag und Sonntag steht uns au\u00dferdem der Raum 01-721 im ersten Stock des GFG in unmittelbarer N\u00e4he zur Verf\u00fcgung. Dort findet ihr auch Becher und Kaffee\/Tee.<\/p>\n\n\n\n<p><strong>Parkm\u00f6glichkeiten:<\/strong><\/p>\n\n\n\n<p>Es ist m\u00f6glich, mit dem Auto auf den Campus zu fahren und dort zu parken. Hierf\u00fcr m\u00fcsst ihr uns \u00fcber unsere E-Mail-Adresse die Nummer eures Kennzeichens nennen, damit wir euch bei der Pforte anmelden k\u00f6nnen. Die Adresse der Hauptpforte lautet Ackermannweg 11, 55128 Mainz. Dort k\u00f6nnt ihr einfahren und dann auf den Parkpl\u00e4tzen auf dem Campus parken:<\/p>\n\n\n\n<figure class=\"wp-block-image size-large\"><img loading=\"lazy\" decoding=\"async\" width=\"1024\" height=\"724\" src=\"https:\/\/2022.doktagung.de\/wp-content\/uploads\/2022\/10\/Bildschirmfoto-2022-10-25-um-11.25.59-1024x724.png\" alt=\"\" class=\"wp-image-278\" srcset=\"https:\/\/2022.doktagung.de\/wp-content\/uploads\/2022\/10\/Bildschirmfoto-2022-10-25-um-11.25.59-1024x724.png 1024w, https:\/\/2022.doktagung.de\/wp-content\/uploads\/2022\/10\/Bildschirmfoto-2022-10-25-um-11.25.59-300x212.png 300w, https:\/\/2022.doktagung.de\/wp-content\/uploads\/2022\/10\/Bildschirmfoto-2022-10-25-um-11.25.59-768x543.png 768w, https:\/\/2022.doktagung.de\/wp-content\/uploads\/2022\/10\/Bildschirmfoto-2022-10-25-um-11.25.59-1536x1086.png 1536w, https:\/\/2022.doktagung.de\/wp-content\/uploads\/2022\/10\/Bildschirmfoto-2022-10-25-um-11.25.59-2048x1448.png 2048w\" sizes=\"auto, (max-width: 767px) 89vw, (max-width: 1000px) 54vw, (max-width: 1071px) 543px, 580px\" \/><figcaption>Link zum <a href=\"https:\/\/www.verwaltung.zentrale-dienste.uni-mainz.de\/files\/2020\/01\/Uni-Parkplatzplan-aktuell.pdf\">Parkplatzplan auf dem Campus<\/a> <\/figcaption><\/figure>\n","protected":false},"excerpt":{"rendered":"<p>Die Tagung findet an der Johannes-Gutenberg Universit\u00e4t in Mainz statt. Adresse: Saarstra\u00dfe 21, 55122 Mainz. Anreise: Vom Mainzer Hauptbahnhof fahren zahlreiche Buslinien und Stra\u00dfenbahnlinien zur Universit\u00e4t: 6 (Richtung M\u00fcnchfeld\/Gonsenheim) 9 (Richtung Arena) 51 (Richtung Lerchenberg) 53 (Richtung Lerchenberg) 54 (Richtung Klein-Winternheim) 55 (Richtung Nieder-Olm) 56 (Richtung Wackernheim) 57 (Richtung Bretzenheim) 58 (Richtung Finthen) 59 (Richtung &hellip; <\/p>\n<p class=\"link-more\"><a href=\"https:\/\/2022.doktagung.de\/?page_id=164\" class=\"more-link\"><span class=\"screen-reader-text\">\u201eAnreise und Infos\u201c<\/span> weiterlesen<\/a><\/p>\n","protected":false},"author":2,"featured_media":0,"parent":0,"menu_order":0,"comment_status":"closed","ping_status":"closed","template":"","meta":{"footnotes":""},"class_list":["post-164","page","type-page","status-publish","hentry"],"yoast_head":"<!-- This site is optimized with the Yoast SEO plugin v19.6 - https:\/\/yoast.com\/wordpress\/plugins\/seo\/ -->\n<title>Anreise und Infos - 16. Doktorand*innentagung der DGEKW<\/title>\n<meta name=\"robots\" content=\"index, follow, max-snippet:-1, max-image-preview:large, max-video-preview:-1\" \/>\n<link rel=\"canonical\" href=\"https:\/\/2022.doktagung.de\/?page_id=164\" \/>\n<meta property=\"og:locale\" content=\"de_DE\" \/>\n<meta property=\"og:type\" content=\"article\" \/>\n<meta property=\"og:title\" content=\"Anreise und Infos - 16. Doktorand*innentagung der DGEKW\" \/>\n<meta property=\"og:description\" content=\"Die Tagung findet an der Johannes-Gutenberg Universit\u00e4t in Mainz statt. Adresse: Saarstra\u00dfe 21, 55122 Mainz. Anreise: Vom Mainzer Hauptbahnhof fahren zahlreiche Buslinien und Stra\u00dfenbahnlinien zur Universit\u00e4t: 6 (Richtung M\u00fcnchfeld\/Gonsenheim) 9 (Richtung Arena) 51 (Richtung Lerchenberg) 53 (Richtung Lerchenberg) 54 (Richtung Klein-Winternheim) 55 (Richtung Nieder-Olm) 56 (Richtung Wackernheim) 57 (Richtung Bretzenheim) 58 (Richtung Finthen) 59 (Richtung &hellip; \u201eAnreise und Infos\u201c weiterlesen\" \/>\n<meta property=\"og:url\" content=\"https:\/\/2022.doktagung.de\/?page_id=164\" \/>\n<meta property=\"og:site_name\" content=\"16. Doktorand*innentagung der DGEKW\" \/>\n<meta property=\"article:modified_time\" content=\"2022-10-25T09:42:56+00:00\" \/>\n<meta property=\"og:image\" content=\"https:\/\/2022.doktagung.de\/wp-content\/uploads\/2022\/06\/Bildschirmfoto-2022-06-15-um-16.04.13-1024x893.png\" \/>\n<meta name=\"twitter:card\" content=\"summary_large_image\" \/>\n<meta name=\"twitter:label1\" content=\"Gesch\u00e4tzte Lesezeit\" \/>\n\t<meta name=\"twitter:data1\" content=\"3\u00a0Minuten\" \/>\n<script type=\"application\/ld+json\" class=\"yoast-schema-graph\">{\"@context\":\"https:\/\/schema.org\",\"@graph\":[{\"@type\":\"WebPage\",\"@id\":\"https:\/\/2022.doktagung.de\/?page_id=164\",\"url\":\"https:\/\/2022.doktagung.de\/?page_id=164\",\"name\":\"Anreise und Infos - 16. Doktorand*innentagung der DGEKW\",\"isPartOf\":{\"@id\":\"https:\/\/2022.doktagung.de\/#website\"},\"datePublished\":\"2022-06-15T12:52:20+00:00\",\"dateModified\":\"2022-10-25T09:42:56+00:00\",\"breadcrumb\":{\"@id\":\"https:\/\/2022.doktagung.de\/?page_id=164#breadcrumb\"},\"inLanguage\":\"de\",\"potentialAction\":[{\"@type\":\"ReadAction\",\"target\":[\"https:\/\/2022.doktagung.de\/?page_id=164\"]}]},{\"@type\":\"BreadcrumbList\",\"@id\":\"https:\/\/2022.doktagung.de\/?page_id=164#breadcrumb\",\"itemListElement\":[{\"@type\":\"ListItem\",\"position\":1,\"name\":\"Startseite\",\"item\":\"https:\/\/2022.doktagung.de\/\"},{\"@type\":\"ListItem\",\"position\":2,\"name\":\"Anreise und Infos\"}]},{\"@type\":\"WebSite\",\"@id\":\"https:\/\/2022.doktagung.de\/#website\",\"url\":\"https:\/\/2022.doktagung.de\/\",\"name\":\"16. Doktorand*innentagung der DGEKW\",\"description\":\"\",\"potentialAction\":[{\"@type\":\"SearchAction\",\"target\":{\"@type\":\"EntryPoint\",\"urlTemplate\":\"https:\/\/2022.doktagung.de\/?s={search_term_string}\"},\"query-input\":\"required name=search_term_string\"}],\"inLanguage\":\"de\"}]}<\/script>\n<!-- \/ Yoast SEO plugin. -->","yoast_head_json":{"title":"Anreise und Infos - 16. Doktorand*innentagung der DGEKW","robots":{"index":"index","follow":"follow","max-snippet":"max-snippet:-1","max-image-preview":"max-image-preview:large","max-video-preview":"max-video-preview:-1"},"canonical":"https:\/\/2022.doktagung.de\/?page_id=164","og_locale":"de_DE","og_type":"article","og_title":"Anreise und Infos - 16. Doktorand*innentagung der DGEKW","og_description":"Die Tagung findet an der Johannes-Gutenberg Universit\u00e4t in Mainz statt. Adresse: Saarstra\u00dfe 21, 55122 Mainz. Anreise: Vom Mainzer Hauptbahnhof fahren zahlreiche Buslinien und Stra\u00dfenbahnlinien zur Universit\u00e4t: 6 (Richtung M\u00fcnchfeld\/Gonsenheim) 9 (Richtung Arena) 51 (Richtung Lerchenberg) 53 (Richtung Lerchenberg) 54 (Richtung Klein-Winternheim) 55 (Richtung Nieder-Olm) 56 (Richtung Wackernheim) 57 (Richtung Bretzenheim) 58 (Richtung Finthen) 59 (Richtung &hellip; \u201eAnreise und Infos\u201c weiterlesen","og_url":"https:\/\/2022.doktagung.de\/?page_id=164","og_site_name":"16. Doktorand*innentagung der DGEKW","article_modified_time":"2022-10-25T09:42:56+00:00","og_image":[{"url":"https:\/\/2022.doktagung.de\/wp-content\/uploads\/2022\/06\/Bildschirmfoto-2022-06-15-um-16.04.13-1024x893.png"}],"twitter_card":"summary_large_image","twitter_misc":{"Gesch\u00e4tzte Lesezeit":"3\u00a0Minuten"},"schema":{"@context":"https:\/\/schema.org","@graph":[{"@type":"WebPage","@id":"https:\/\/2022.doktagung.de\/?page_id=164","url":"https:\/\/2022.doktagung.de\/?page_id=164","name":"Anreise und Infos - 16. Doktorand*innentagung der DGEKW","isPartOf":{"@id":"https:\/\/2022.doktagung.de\/#website"},"datePublished":"2022-06-15T12:52:20+00:00","dateModified":"2022-10-25T09:42:56+00:00","breadcrumb":{"@id":"https:\/\/2022.doktagung.de\/?page_id=164#breadcrumb"},"inLanguage":"de","potentialAction":[{"@type":"ReadAction","target":["https:\/\/2022.doktagung.de\/?page_id=164"]}]},{"@type":"BreadcrumbList","@id":"https:\/\/2022.doktagung.de\/?page_id=164#breadcrumb","itemListElement":[{"@type":"ListItem","position":1,"name":"Startseite","item":"https:\/\/2022.doktagung.de\/"},{"@type":"ListItem","position":2,"name":"Anreise und Infos"}]},{"@type":"WebSite","@id":"https:\/\/2022.doktagung.de\/#website","url":"https:\/\/2022.doktagung.de\/","name":"16. Doktorand*innentagung der DGEKW","description":"","potentialAction":[{"@type":"SearchAction","target":{"@type":"EntryPoint","urlTemplate":"https:\/\/2022.doktagung.de\/?s={search_term_string}"},"query-input":"required name=search_term_string"}],"inLanguage":"de"}]}},"_links":{"self":[{"href":"https:\/\/2022.doktagung.de\/index.php?rest_route=\/wp\/v2\/pages\/164","targetHints":{"allow":["GET"]}}],"collection":[{"href":"https:\/\/2022.doktagung.de\/index.php?rest_route=\/wp\/v2\/pages"}],"about":[{"href":"https:\/\/2022.doktagung.de\/index.php?rest_route=\/wp\/v2\/types\/page"}],"author":[{"embeddable":true,"href":"https:\/\/2022.doktagung.de\/index.php?rest_route=\/wp\/v2\/users\/2"}],"replies":[{"embeddable":true,"href":"https:\/\/2022.doktagung.de\/index.php?rest_route=%2Fwp%2Fv2%2Fcomments&post=164"}],"version-history":[{"count":6,"href":"https:\/\/2022.doktagung.de\/index.php?rest_route=\/wp\/v2\/pages\/164\/revisions"}],"predecessor-version":[{"id":288,"href":"https:\/\/2022.doktagung.de\/index.php?rest_route=\/wp\/v2\/pages\/164\/revisions\/288"}],"wp:attachment":[{"href":"https:\/\/2022.doktagung.de\/index.php?rest_route=%2Fwp%2Fv2%2Fmedia&parent=164"}],"curies":[{"name":"wp","href":"https:\/\/api.w.org\/{rel}","templated":true}]}}